{"id":400,"date":"2018-08-10T08:14:26","date_gmt":"2018-08-10T08:14:26","guid":{"rendered":"https:\/\/pietrobon-immo.ch\/?page_id=400"},"modified":"2026-03-23T11:11:50","modified_gmt":"2026-03-23T10:11:50","slug":"default","status":"publish","type":"page","link":"https:\/\/pietrobon-immo.ch\/en\/","title":{"rendered":"Default"},"content":{"rendered":"<div class=\"vc_row wpb_row vc_row-fluid\"><div class=\"wpb_column vc_column_container vc_col-sm-12\"><div class=\"vc_column-inner\"><div class=\"wpb_wrapper\">\n    <div id=\"small-dialog\" class=\"zoom-anim-dialog mfp-hide embed-responsive embed-responsive-16by9\">\n            <\/div>\n    <section  id=\"home\"          class=\"home_slider\">\n        <div class=\"page_lines white_br\">\n            <div class=\"container\">\n                <div class=\"row m0\">\n                    <div class=\"col-lg-4\">\n                        <div class=\"line\"><\/div>\n                    <\/div>\n                    <div class=\"col-lg-4\">\n                        <div class=\"line\"><\/div>\n                    <\/div>\n                    <div class=\"col-lg-4\">\n                        <div class=\"line\"><\/div>\n                        <div class=\"line\"><\/div>\n                    <\/div>\n                <\/div>\n            <\/div>\n        <\/div>\n\n\n        <div id=\"home_full_slider\" class=\"rev_slider fullscreenbanner\" data-version=\"5.3.1.6\">\n            \n\t\t\t<!-- START home_2 REVOLUTION SLIDER 6.5.31 --><p class=\"rs-p-wp-fix\"><\/p>\n\t\t\t<rs-module-wrap id=\"rev_slider_5_1_wrapper\" data-source=\"gallery\" style=\"visibility:hidden;background:transparent;padding:0;\">\n\t\t\t\t<rs-module id=\"rev_slider_5_1\" style=\"\" data-version=\"6.5.31\">\n\t\t\t\t\t<rs-slides>\n\t\t\t\t\t\t<rs-slide style=\"position: absolute;\" data-key=\"rs-13\" data-title=\"Slide\" data-thumb=\"\/\/pietrobon-immo.ch\/wp-content\/uploads\/2022\/11\/studio05-1024x531-1-100x50.jpg\" data-anim=\"f:nodelay;\" data-filter=\"b:2;\" data-in=\"o:0;sx:1.5;sy:1.2;m:true;row:5;col:5;\" data-out=\"a:false;\">\n\t\t\t\t\t\t\t<img decoding=\"async\" src=\"\/\/pietrobon-immo.ch\/wp-content\/plugins\/revslider\/public\/assets\/assets\/dummy.png\" alt=\"\" title=\"studio05-1024&#215;531\" width=\"1024\" height=\"531\" class=\"rev-slidebg tp-rs-img rs-lazyload\" data-lazyload=\"\/\/pietrobon-immo.ch\/wp-content\/uploads\/2022\/11\/studio05-1024x531-1.jpg\" data-bg=\"p:center top;\" data-parallax=\"5\" data-no-retina>\n<!--\n\t\t\t\t\t\t\t--><rs-layer\n\t\t\t\t\t\t\t\tid=\"slider-5-slide-13-layer-9\" \n\t\t\t\t\t\t\t\tclass=\"tp-shape tp-shapewrapper\"\n\t\t\t\t\t\t\t\tdata-type=\"shape\"\n\t\t\t\t\t\t\t\tdata-rsp_ch=\"on\"\n\t\t\t\t\t\t\t\tdata-xy=\"xo:0,0,15px,15px;yo:490px,285px,160px,110px;\"\n\t\t\t\t\t\t\t\tdata-text=\"fw:700;\"\n\t\t\t\t\t\t\t\tdata-dim=\"w:78px;h:6px;\"\n\t\t\t\t\t\t\t\tdata-frame_0=\"x:-100%;o:1;\"\n\t\t\t\t\t\t\t\tdata-frame_0_mask=\"u:t;\"\n\t\t\t\t\t\t\t\tdata-frame_1=\"sp:1000;sR:10;\"\n\t\t\t\t\t\t\t\tdata-frame_1_mask=\"u:t;\"\n\t\t\t\t\t\t\t\tdata-frame_999=\"o:0;e:nothing;st:w;sR:5990;\"\n\t\t\t\t\t\t\t\tstyle=\"z-index:5;background-color:#cee002;\"\n\t\t\t\t\t\t\t> \n\t\t\t\t\t\t\t<\/rs-layer><!--\n\n\t\t\t\t\t\t\t--><rs-layer\n\t\t\t\t\t\t\t\tid=\"slider-5-slide-13-layer-16\" \n\t\t\t\t\t\t\t\tclass=\"slider-title 57px\"\n\t\t\t\t\t\t\t\tdata-type=\"text\"\n\t\t\t\t\t\t\t\tdata-rsp_ch=\"on\"\n\t\t\t\t\t\t\t\tdata-xy=\"xo:-5px,0,15px,15px;y:b;yo:10px,7px,0,0;\"\n\t\t\t\t\t\t\t\tdata-text=\"s:100,100,70,50;l:100,100,70,50;fw:700;\"\n\t\t\t\t\t\t\t\tdata-frame_0=\"y:155%;\"\n\t\t\t\t\t\t\t\tdata-frame_0_mask=\"u:t;y:100%;\"\n\t\t\t\t\t\t\t\tdata-frame_1=\"e:power2.inOut;st:1500;sp:1000;sR:1500;\"\n\t\t\t\t\t\t\t\tdata-frame_1_mask=\"u:t;\"\n\t\t\t\t\t\t\t\tdata-frame_999=\"y:100%;e:power2.inOut;st:w;sp:1000;sR:4500;\"\n\t\t\t\t\t\t\t\tdata-frame_999_mask=\"u:t;\"\n\t\t\t\t\t\t\t\tstyle=\"z-index:6;font-family:\"oswald\", sans-serif;font-weight:700;text-transform:uppercase;\"\n\t\t\t\t\t\t\t>SUSTAINABILITY<br>REAL ESTATE\n \n\t\t\t\t\t\t\t<\/rs-layer><!--\n\n\t\t\t\t\t\t\t--><rs-layer\n\t\t\t\t\t\t\t\tid=\"slider-5-slide-13-layer-18\" \n\t\t\t\t\t\t\t\tclass=\"slider-title\"\n\t\t\t\t\t\t\t\tdata-type=\"text\"\n\t\t\t\t\t\t\t\tdata-rsp_ch=\"on\"\n\t\t\t\t\t\t\t\tdata-xy=\"xo:0,0,15px,15px;yo:355px,330px,200px,150px;\"\n\t\t\t\t\t\t\t\tdata-text=\"s:60;l:60;fw:700;\"\n\t\t\t\t\t\t\t\tdata-frame_0=\"y:155px;\"\n\t\t\t\t\t\t\t\tdata-frame_0_mask=\"u:t;y:100%;\"\n\t\t\t\t\t\t\t\tdata-frame_1=\"e:power2.inOut;st:1000;sp:1000;sR:1000;\"\n\t\t\t\t\t\t\t\tdata-frame_1_mask=\"u:t;\"\n\t\t\t\t\t\t\t\tdata-frame_999=\"y:100%;e:power2.inOut;st:w;sp:1000;sR:5000;\"\n\t\t\t\t\t\t\t\tdata-frame_999_mask=\"u:t;\"\n\t\t\t\t\t\t\t\tstyle=\"z-index:7;font-family:'Oswald';\"\n\t\t\t\t\t\t\t>1\/2 \n\t\t\t\t\t\t\t<\/rs-layer><!--\n\n\t\t\t\t\t\t\t--><rs-layer\n\t\t\t\t\t\t\t\tid=\"slider-5-slide-13-layer-22\" \n\t\t\t\t\t\t\t\tdata-type=\"text\"\n\t\t\t\t\t\t\t\tdata-rsp_ch=\"on\"\n\t\t\t\t\t\t\t\tdata-xy=\"xo:0,0,15px,15px;y:b;yo:240px,272px,240px,170px;\"\n\t\t\t\t\t\t\t\tdata-text=\"s:14,18,18,18;l:32;ls:0.1em;a:inherit;\"\n\t\t\t\t\t\t\t\tdata-frame_0=\"o:1;\"\n\t\t\t\t\t\t\t\tdata-frame_0_chars=\"d:5;x:-155%;o:1;rX:0deg;\"\n\t\t\t\t\t\t\t\tdata-frame_0_mask=\"u:t;\"\n\t\t\t\t\t\t\t\tdata-frame_1=\"e:power2.inOut;st:1500;sp:2000;sR:1500;\"\n\t\t\t\t\t\t\t\tdata-frame_1_chars=\"d:5;\"\n\t\t\t\t\t\t\t\tdata-frame_1_mask=\"u:t;\"\n\t\t\t\t\t\t\t\tdata-frame_999=\"x:0;y:0;z:0;sX:1;sY:1;o:1;rX:0;rY:0;rZ:0;skX:0;skY:0;e:power2.inOut;st:w;sp:1000;sR:3050;\"\n\t\t\t\t\t\t\t\tdata-frame_999_chars=\"d:5;x:NaN;y:NaN;o:0;\"\n\t\t\t\t\t\t\t\tstyle=\"z-index:8;font-family:'Heebo';text-transform:uppercase;\"\n\t\t\t\t\t\t\t>MODERN LIVING \n\t\t\t\t\t\t\t<\/rs-layer><!--\n\n\t\t\t\t\t\t\t--><rs-layer\n\t\t\t\t\t\t\t\tid=\"slider-5-slide-13-layer-23\" \n\t\t\t\t\t\t\t\tdata-type=\"text\"\n\t\t\t\t\t\t\t\tdata-rsp_ch=\"on\"\n\t\t\t\t\t\t\t\tdata-xy=\"x:r;xo:0,0,15px,15px;y:m;yo:-100px;\"\n\t\t\t\t\t\t\t\tdata-text=\"l:22;a:inherit;\"\n\t\t\t\t\t\t\t\tdata-frame_0=\"y:-100%;o:1;\"\n\t\t\t\t\t\t\t\tdata-frame_0_mask=\"u:t;\"\n\t\t\t\t\t\t\t\tdata-frame_1=\"e:power2.inOut;st:2000;sp:1000;sR:2000;\"\n\t\t\t\t\t\t\t\tdata-frame_1_mask=\"u:t;\"\n\t\t\t\t\t\t\t\tdata-frame_999=\"o:0;e:power2.inOut;st:w;sp:1000;sR:4000;\"\n\t\t\t\t\t\t\t\tstyle=\"z-index:9;font-family:'Open Sans';\"\n\t\t\t\t\t\t\t><a class=\"popup-with-move-anim\" href=\"#small-dialog\"><img decoding=\"async\" src=\"http:\/\/paul-themes.com\/wp\/intria\/intria-demo\/wp-content\/themes\/intria\/img\/video-1.png\" alt=\"\"><\/a>\n \n\t\t\t\t\t\t\t<\/rs-layer><!--\n-->\t\t\t\t\t\t<\/rs-slide>\n\t\t\t\t\t\t<rs-slide style=\"position: absolute;\" data-key=\"rs-16\" data-title=\"Slide\" data-thumb=\"\/\/pietrobon-immo.ch\/wp-content\/uploads\/2023\/03\/studio03-100x50.jpg\" data-anim=\"f:nodelay;\" data-filter=\"b:2;\" data-in=\"o:0;sx:1.5;sy:1.2;m:true;row:5;col:5;\" data-out=\"a:false;\">\n\t\t\t\t\t\t\t<img decoding=\"async\" src=\"\/\/pietrobon-immo.ch\/wp-content\/plugins\/revslider\/public\/assets\/assets\/dummy.png\" alt=\"pietrobon immo\" title=\"pietrobon immo\" width=\"1870\" height=\"900\" class=\"rev-slidebg tp-rs-img rs-lazyload\" data-lazyload=\"\/\/pietrobon-immo.ch\/wp-content\/uploads\/2023\/03\/studio03.jpg\" data-bg=\"p:center top;\" data-parallax=\"5\" data-no-retina>\n<!--\n\t\t\t\t\t\t\t--><rs-layer\n\t\t\t\t\t\t\t\tid=\"slider-5-slide-16-layer-9\" \n\t\t\t\t\t\t\t\tclass=\"tp-shape tp-shapewrapper\"\n\t\t\t\t\t\t\t\tdata-type=\"shape\"\n\t\t\t\t\t\t\t\tdata-rsp_ch=\"on\"\n\t\t\t\t\t\t\t\tdata-xy=\"xo:0,0,15px,15px;yo:490px,285px,160px,110px;\"\n\t\t\t\t\t\t\t\tdata-text=\"fw:700;\"\n\t\t\t\t\t\t\t\tdata-dim=\"w:78px;h:6px;\"\n\t\t\t\t\t\t\t\tdata-frame_0=\"x:-100%;o:1;\"\n\t\t\t\t\t\t\t\tdata-frame_0_mask=\"u:t;\"\n\t\t\t\t\t\t\t\tdata-frame_1=\"sp:1000;sR:10;\"\n\t\t\t\t\t\t\t\tdata-frame_1_mask=\"u:t;\"\n\t\t\t\t\t\t\t\tdata-frame_999=\"o:0;e:nothing;st:w;sR:5990;\"\n\t\t\t\t\t\t\t\tstyle=\"z-index:5;background-color:#cee002;\"\n\t\t\t\t\t\t\t> \n\t\t\t\t\t\t\t<\/rs-layer><!--\n\n\t\t\t\t\t\t\t--><rs-layer\n\t\t\t\t\t\t\t\tid=\"slider-5-slide-16-layer-16\" \n\t\t\t\t\t\t\t\tclass=\"slider-title 57px\"\n\t\t\t\t\t\t\t\tdata-type=\"text\"\n\t\t\t\t\t\t\t\tdata-rsp_ch=\"on\"\n\t\t\t\t\t\t\t\tdata-xy=\"xo:-5px,0,15px,15px;y:b;yo:10px,7px,0,0;\"\n\t\t\t\t\t\t\t\tdata-text=\"s:100,100,70,50;l:100,100,70,50;fw:700;\"\n\t\t\t\t\t\t\t\tdata-frame_0=\"y:155%;\"\n\t\t\t\t\t\t\t\tdata-frame_0_mask=\"u:t;y:100%;\"\n\t\t\t\t\t\t\t\tdata-frame_1=\"e:power2.inOut;st:1500;sp:1000;sR:1500;\"\n\t\t\t\t\t\t\t\tdata-frame_1_mask=\"u:t;\"\n\t\t\t\t\t\t\t\tdata-frame_999=\"y:100%;e:power2.inOut;st:w;sp:1000;sR:4500;\"\n\t\t\t\t\t\t\t\tdata-frame_999_mask=\"u:t;\"\n\t\t\t\t\t\t\t\tstyle=\"z-index:6;font-family:\"oswald\", sans-serif;font-weight:700;text-transform:uppercase;\"\n\t\t\t\t\t\t\t>BUILDING FOR<br>THE FUTURE\n \n\t\t\t\t\t\t\t<\/rs-layer><!--\n\n\t\t\t\t\t\t\t--><rs-layer\n\t\t\t\t\t\t\t\tid=\"slider-5-slide-16-layer-18\" \n\t\t\t\t\t\t\t\tclass=\"slider-title\"\n\t\t\t\t\t\t\t\tdata-type=\"text\"\n\t\t\t\t\t\t\t\tdata-rsp_ch=\"on\"\n\t\t\t\t\t\t\t\tdata-xy=\"xo:0,0,15px,15px;yo:355px,330px,200px,150px;\"\n\t\t\t\t\t\t\t\tdata-text=\"s:60;l:60;fw:700;\"\n\t\t\t\t\t\t\t\tdata-frame_0=\"y:155px;\"\n\t\t\t\t\t\t\t\tdata-frame_0_mask=\"u:t;y:100%;\"\n\t\t\t\t\t\t\t\tdata-frame_1=\"e:power2.inOut;st:1000;sp:1000;sR:1000;\"\n\t\t\t\t\t\t\t\tdata-frame_1_mask=\"u:t;\"\n\t\t\t\t\t\t\t\tdata-frame_999=\"y:100%;e:power2.inOut;st:w;sp:1000;sR:5000;\"\n\t\t\t\t\t\t\t\tdata-frame_999_mask=\"u:t;\"\n\t\t\t\t\t\t\t\tstyle=\"z-index:7;font-family:'Oswald';\"\n\t\t\t\t\t\t\t>2\/2 \n\t\t\t\t\t\t\t<\/rs-layer><!--\n\n\t\t\t\t\t\t\t--><rs-layer\n\t\t\t\t\t\t\t\tid=\"slider-5-slide-16-layer-22\" \n\t\t\t\t\t\t\t\tdata-type=\"text\"\n\t\t\t\t\t\t\t\tdata-rsp_ch=\"on\"\n\t\t\t\t\t\t\t\tdata-xy=\"xo:0,0,15px,15px;y:b;yo:240px,272px,240px,170px;\"\n\t\t\t\t\t\t\t\tdata-text=\"s:14,18,18,18;l:32;ls:0.1em;a:inherit;\"\n\t\t\t\t\t\t\t\tdata-frame_0=\"o:1;\"\n\t\t\t\t\t\t\t\tdata-frame_0_chars=\"d:5;x:-155%;o:1;rX:0deg;\"\n\t\t\t\t\t\t\t\tdata-frame_0_mask=\"u:t;\"\n\t\t\t\t\t\t\t\tdata-frame_1=\"e:power2.inOut;st:1500;sp:2000;sR:1500;\"\n\t\t\t\t\t\t\t\tdata-frame_1_chars=\"d:5;\"\n\t\t\t\t\t\t\t\tdata-frame_1_mask=\"u:t;\"\n\t\t\t\t\t\t\t\tdata-frame_999=\"x:0;y:0;z:0;sX:1;sY:1;o:1;rX:0;rY:0;rZ:0;skX:0;skY:0;e:power2.inOut;st:w;sp:1000;sR:3050;\"\n\t\t\t\t\t\t\t\tdata-frame_999_chars=\"d:5;x:NaN;y:NaN;o:0;\"\n\t\t\t\t\t\t\t\tstyle=\"z-index:8;font-family:'Heebo';text-transform:uppercase;\"\n\t\t\t\t\t\t\t>Durability \n\t\t\t\t\t\t\t<\/rs-layer><!--\n\n\t\t\t\t\t\t\t--><rs-layer\n\t\t\t\t\t\t\t\tid=\"slider-5-slide-16-layer-23\" \n\t\t\t\t\t\t\t\tdata-type=\"text\"\n\t\t\t\t\t\t\t\tdata-rsp_ch=\"on\"\n\t\t\t\t\t\t\t\tdata-xy=\"x:r;xo:0,0,15px,15px;y:m;yo:-100px;\"\n\t\t\t\t\t\t\t\tdata-text=\"l:22;a:inherit;\"\n\t\t\t\t\t\t\t\tdata-frame_0=\"y:-100%;o:1;\"\n\t\t\t\t\t\t\t\tdata-frame_0_mask=\"u:t;\"\n\t\t\t\t\t\t\t\tdata-frame_1=\"e:power2.inOut;st:2000;sp:1000;sR:2000;\"\n\t\t\t\t\t\t\t\tdata-frame_1_mask=\"u:t;\"\n\t\t\t\t\t\t\t\tdata-frame_999=\"o:0;e:power2.inOut;st:w;sp:1000;sR:4000;\"\n\t\t\t\t\t\t\t\tstyle=\"z-index:9;font-family:'Open Sans';\"\n\t\t\t\t\t\t\t><a class=\"popup-with-move-anim\" href=\"#small-dialog\"><img decoding=\"async\" src=\"http:\/\/paul-themes.com\/wp\/intria\/intria-demo\/wp-content\/themes\/intria\/img\/video-1.png\" alt=\"\"><\/a>\n \n\t\t\t\t\t\t\t<\/rs-layer><!--\n-->\t\t\t\t\t\t<\/rs-slide>\n\t\t\t\t\t<\/rs-slides>\n\t\t\t\t<\/rs-module>\n\t\t\t\t<script>\n\t\t\t\t\tsetREVStartSize({c: 'rev_slider_5_1',rl:[1240,1024,768,480],el:[768,600,600,480],gw:[1024,991,768,480],gh:[768,600,600,480],type:'standard',justify:'',layout:'fullscreen',offsetContainer:'',offset:'',mh:\"480\"});if (window.RS_MODULES!==undefined && window.RS_MODULES.modules!==undefined && window.RS_MODULES.modules[\"revslider51\"]!==undefined) {window.RS_MODULES.modules[\"revslider51\"].once = false;window.revapi5 = undefined;if (window.RS_MODULES.checkMinimal!==undefined) window.RS_MODULES.checkMinimal()}\n\t\t\t\t<\/script>\n\t\t\t<\/rs-module-wrap>\n\t\t\t<!-- END REVOLUTION SLIDER -->\n\n\n        <\/div>\n        <div class=\"year\">\n                    <\/div>\n        <div class=\"social_icon\">\n\n\n            <ul class=\"list\">\n                            <\/ul>\n        <\/div>\n    <\/section>\n    \n\n    <section  id=\"ueber-uns\"          class=\"intes_studio_area white_cl\">\n        <div class=\"since_text\">\n\n            <\/h5>\n        <\/div>\n        <div class=\"container\">\n            <div class=\"row\">\n                <div class=\"col-lg-7\">\n                    <div class=\"studio_img\">\n\n                                                    <img decoding=\"async\" alt=\"\" src=\"https:\/\/pietrobon-immo.ch\/wp-content\/uploads\/2018\/06\/studio-1.jpg\">\n                            \n                        <div class=\"years_text\">\n                            <div class=\"years_text_inner\">\n                                \n<h1>1<\/h1>\n<h2>Future<\/h2>\n<h4>That Counts<\/h4>\n                            <\/div>\n                        <\/div>\n                    <\/div>\n                <\/div>\n                <div class=\"col-lg-5\">\n                    <div class=\"studio_text\">\n                        <h6 class=\"s_title white\">Building with a Future<\/h6>\n                        <h3>REAL ESTATE FOR CERTAIN REQUIREMENTS AND A SUSTAINABLE APPROACH<\/h3>\n\n                        <h5> <\/h5>\n\n                        <p>Refurbishing, building, renting, selling and maintaining real estate - the business areas of pietrobon immo GmbH.<\/p>\n<p>Thanks to our know-how, our properties stand out especially in the areas of HVAC &amp; MSRL (heating- ventilation- cooling- air conditioning- sanitary &amp; measurement- control- instrumentation) and meet the most modern requirements. The objective is clearly to supply our buildings with energy and heat as independently as possible. Thus, we rely on heat pumps of the latest generation and try to control the complete energy production via sustainable solar energy.<\/p>\n<p>We build real estate for the future and maintain it optimally, only in this way we meet the requirements of our customers and ensure that the property lasts for generations.<\/p>\n\n                        \n\n                    <\/div>\n                <\/div>\n            <\/div>\n        <\/div>\n    <\/section>\n\n\n    \n\n    <section  id=\"dienstleistungen\"          class=\"speciallization_area white_cl\">\n        <div class=\"container\">\n            <h6 class=\"s_title white\">Our focus<\/h6>\n            <div class=\"row\">\n                                        <div class=\"col-lg-4 col-sm-6\">\n                            <div class=\"spec_item\">\n\n\n                                                                    <img decoding=\"async\" alt=\"Nachhaltigkeit\" src=\"https:\/\/pietrobon-immo.ch\/wp-content\/uploads\/2023\/03\/nachhaltig-icon-2.png\">\n                                    \n\n                                <h4>Sustainability<\/h4>\n                                <p>Our focus is on selling and leasing high quality yet sustainable real estate. We pride ourselves on offering environmentally friendly and energy efficient properties that are not only modern, but also meet the needs and values of our clients.<\/p>\n\n\n                                \n                            <\/div>\n                        <\/div>\n                                            <div class=\"col-lg-4 col-sm-6\">\n                            <div class=\"spec_item\">\n\n\n                                                                    <img decoding=\"async\" alt=\"Langlebigkeit\" src=\"https:\/\/pietrobon-immo.ch\/wp-content\/uploads\/2023\/03\/langelebig-icon.png\">\n                                    \n\n                                <h4>Durability<\/h4>\n                                <p>However, our properties are not only designed for sustainability, but also for longevity. We place great emphasis on high-quality materials and solid construction to ensure that our customers can enjoy their property for many years to come.<\/p>\n\n\n                                \n                            <\/div>\n                        <\/div>\n                                            <div class=\"col-lg-4 col-sm-6\">\n                            <div class=\"spec_item\">\n\n\n                                                                    <img decoding=\"async\" alt=\"Modern\" src=\"https:\/\/pietrobon-immo.ch\/wp-content\/uploads\/2023\/03\/modern-icon.png\">\n                                    \n\n                                <h4>MODERN<\/h4>\n                                <p>Implementing the combination of sustainability and durability in a modern and contemporary, but at the same time innovative and functional design is a challenge we are happy to take on - it's the only way to build for the future. <\/p>\n\n\n                                \n                            <\/div>\n                        <\/div>\n                                <\/div>\n        <\/div>\n    <\/section>\n\n    \n    <!-- Section Projects -->\n    <section         class=\"latest_project white_cl\">\n        <div class=\"container\">\n            <div class=\"l_text\">\n                <div class=\"float-md-left\">\n                    <div class=\"main_title white\">\n                        <h2>Our projects<\/h2>\n                    <\/div>\n                <\/div>\n                <div class=\"float-md-right\">\n\n                <\/div>\n            <\/div>\n        <\/div>\n        <div class=\"fillter_slider owl-carousel\">\n            \n        <\/div>\n    <\/section>\n\n    <\/div><\/div><\/div><\/div><div class=\"vc_row wpb_row vc_row-fluid\"><div class=\"wpb_column vc_column_container vc_col-sm-12\"><div class=\"vc_column-inner\"><div class=\"wpb_wrapper\"><\/div><\/div><\/div><\/div><div class=\"vc_row wpb_row vc_row-fluid\"><div class=\"wpb_column vc_column_container vc_col-sm-12\"><div class=\"vc_column-inner\"><div class=\"wpb_wrapper\">\n\n    <section  id=\"kontakt\"          class=\"vc_custom_1774260706416  contact_area2\">\n        <div class=\"container\">\n            <div class=\"row\">\n                <div class=\"col-lg-5\">\n                    <div class=\"left_contact_details\">\n                        <h1> Contact<\/h1>\n                        pietrobon immo GmbH<br>\nKemptpark 38<br>\nCH-8310 Kemptthal<br>\n<br>\nPhone <a href=\"tel: 41445002414\">+41 44 500 24 14<\/a>\nE-Mail <a href=\"mailto:info@pietrobon-immo.ch\">info@pietrobon-immo.ch<\/a>\n                        \n                    <\/div>\n                <\/div>\n                <div class=\"col-lg-7\">\n                    <div class=\"right_contact_form\">\n                        <h4>Send Us a message<\/h4>\n                        \n<div class=\"wpcf7 no-js\" id=\"wpcf7-f61-o1\" lang=\"en-US\" dir=\"ltr\" data-wpcf7-id=\"61\">\n<div class=\"screen-reader-response\"><p role=\"status\" aria-live=\"polite\" aria-atomic=\"true\"> <ul><\/ul><\/div>\n<form action=\"\/wp-json\/wp\/v2\/pages\/400\" method=\"post\" class=\"wpcf7-form init\" aria-label=\"Contact form\" novalidate=\"novalidate\" data-status=\"init\" data-trp-original-action=\"\/en\/wp-json\/wp\/v2\/pages\/400#wpcf7-f61-o1\">\n<div style=\"display: none;\">\n<input type=\"hidden\" name=\"_wpcf7\" value=\"61\" \/>\n<input type=\"hidden\" name=\"_wpcf7_version\" value=\"6.0.6\" \/>\n<input type=\"hidden\" name=\"_wpcf7_locale\" value=\"en_US\" \/>\n<input type=\"hidden\" name=\"_wpcf7_unit_tag\" value=\"wpcf7-f61-o1\" \/>\n<input type=\"hidden\" name=\"_wpcf7_container_post\" value=\"0\" \/>\n<input type=\"hidden\" name=\"_wpcf7_posted_data_hash\" value=\"\" \/>\n<input type=\"hidden\" name=\"_wpcf7_recaptcha_response\" value=\"\" \/>\n<\/div>\n<div class=\"form-group col-md-6\">\n\t<span class=\"wpcf7-form-control-wrap\" data-name=\"text-534\"><input size=\"40\" maxlength=\"400\" class=\"wpcf7-form-control wpcf7-text form-control\" id=\"name\" aria-invalid=\"false\" placeholder=\"Name\" value=\"\" type=\"text\" name=\"text-534\" \/><\/span>\n\t\n<\/div>\n<div class=\"form-group col-md-6\">\n\t<span class=\"wpcf7-form-control-wrap\" data-name=\"text-535\"><input size=\"40\" maxlength=\"400\" class=\"wpcf7-form-control wpcf7-text form-control\" id=\"firma\" aria-invalid=\"false\" placeholder=\"Company\" value=\"\" type=\"text\" name=\"text-535\" \/><\/span>\n\t\n<\/div>\n<div class=\"form-group col-md-6\">\n\t<span class=\"wpcf7-form-control-wrap\" data-name=\"email-959\"><input size=\"40\" maxlength=\"400\" class=\"wpcf7-form-control wpcf7-email wpcf7-text wpcf7-validates-as-email form-control\" id=\"email\" aria-invalid=\"false\" placeholder=\"E-Mail\" value=\"\" type=\"email\" name=\"email-959\" \/><\/span>\n\t\n<\/div>\n<div class=\"form-group col-md-6\">\n\t<span class=\"wpcf7-form-control-wrap\" data-name=\"text-536\"><input size=\"40\" maxlength=\"400\" class=\"wpcf7-form-control wpcf7-text form-control\" id=\"telefon\" aria-invalid=\"false\" placeholder=\"Telefon\" value=\"\" type=\"text\" name=\"text-536\" \/><\/span>\n\t\n<\/div>\n<div class=\"form-group col-md-12\">\n\t<span class=\"wpcf7-form-control-wrap\" data-name=\"textarea-63\"><textarea cols=\"40\" rows=\"10\" maxlength=\"2000\" class=\"wpcf7-form-control wpcf7-textarea form-control\" id=\"message\" aria-invalid=\"false\" placeholder=\"Your message\" name=\"textarea-63\"><\/textarea><\/span>\n\t\n<\/div>\n<div class=\"form-group col-md-12\">\n\t<button type=\"submit\" value=\"submit\" class=\"btn order_s_btn form-control\">Send message <i class=\"ion-ios-play\"><\/i><\/button>\n\t\n<\/div>\n<div class=\"success-message\">\n\t<i class=\"fa fa-check text-primary\"><\/i> Thank you!. Your message is successfully sent...\n\t\n<\/div>\n<div class=\"error-message\">\n\tWe're sorry, but something went wrong\n\t\n<\/div><div class=\"wpcf7-response-output\" aria-hidden=\"true\"><\/div>\n<input type=\"hidden\" name=\"trp-form-language\" value=\"en\"\/><\/form>\n<\/div>\n                    <\/div>\n                <\/div>\n            <\/div>\n        <\/div>\n    <\/section>\n\n\n    <script>\n\n\n        jQuery(document).ready(function () {\n            jQuery('.right_contact_form  form').addClass(\"row contact_us_form js-form \");\n        });\n\n\n    <\/script>\n\n\n    <\/div><\/div><\/div><\/div>","protected":false},"excerpt":{"rendered":"NACHHALTIGEIMMOBILIEN 1\/2 MODERN WOHNEN BAUEN F\u00dcRDIE ZUKUNFT 2\/2 Langlebigkeit 1 Zukunft die z\u00e4hlt Bauen mit Zukunft Immobilien f\u00fcr gewisse Anspr\u00fcche und nachhaltigem Ansatz Immobilien sanieren, bauen, vermieten, verkaufen und unterhalten \u2013 die Gesch\u00e4ftsbereiche der pietrobon immo GmbH. Dank unserem Knowhow heben sich unsere Immobilien besonders in den Bereichen HLKKS &amp; MSRL (Heizung- L\u00fcftung- K\u00e4lte- Klima- [...]","protected":false},"author":1,"featured_media":0,"parent":0,"menu_order":0,"comment_status":"closed","ping_status":"closed","template":"template-full-width.php","meta":{"_acf_changed":false,"footnotes":""},"class_list":["post-400","page","type-page","status-publish","hentry"],"acf":[],"_links":{"self":[{"href":"https:\/\/pietrobon-immo.ch\/en\/wp-json\/wp\/v2\/pages\/400"}],"collection":[{"href":"https:\/\/pietrobon-immo.ch\/en\/wp-json\/wp\/v2\/pages"}],"about":[{"href":"https:\/\/pietrobon-immo.ch\/en\/wp-json\/wp\/v2\/types\/page"}],"author":[{"embeddable":true,"href":"https:\/\/pietrobon-immo.ch\/en\/wp-json\/wp\/v2\/users\/1"}],"replies":[{"embeddable":true,"href":"https:\/\/pietrobon-immo.ch\/en\/wp-json\/wp\/v2\/comments?post=400"}],"version-history":[{"count":37,"href":"https:\/\/pietrobon-immo.ch\/en\/wp-json\/wp\/v2\/pages\/400\/revisions"}],"predecessor-version":[{"id":29042,"href":"https:\/\/pietrobon-immo.ch\/en\/wp-json\/wp\/v2\/pages\/400\/revisions\/29042"}],"wp:attachment":[{"href":"https:\/\/pietrobon-immo.ch\/en\/wp-json\/wp\/v2\/media?parent=400"}],"curies":[{"name":"wp","href":"https:\/\/api.w.org\/{rel}","templated":true}]}}